{"id":9494,"date":"2026-04-02T10:09:48","date_gmt":"2026-04-02T10:09:48","guid":{"rendered":"https:\/\/crisgago.com\/?post_type=product&#038;p=9494"},"modified":"2026-04-08T15:20:38","modified_gmt":"2026-04-08T15:20:38","slug":"ash-3","status":"publish","type":"product","link":"https:\/\/crisgago.com\/es\/p\/ceramic\/ash-3\/","title":{"rendered":"Ash #3"},"content":{"rendered":"","protected":false},"excerpt":{"rendered":"<p>&nbsp;<\/p>\n<p>Este jarr\u00f3n est\u00e1 realizado en gres mediante la t\u00e9cnica de construcci\u00f3n por churros. Esmaltado en el interior y cocido en un horno de le\u00f1a.<\/p>\n<p>Cada pieza est\u00e1 hecha a mano, lo que la convierte en una creaci\u00f3n \u00fanica.<\/p>\n<p>Obra original y \u00fanica realizada en 2026.<br \/>\nMeasuraments: 13&#215;19 aprox<\/p>","protected":false},"featured_media":9495,"template":"","meta":[],"product_brand":[],"product_cat":[70],"product_tag":[],"class_list":{"0":"post-9494","1":"product","2":"type-product","3":"status-publish","4":"has-post-thumbnail","6":"product_cat-ceramic","8":"first","9":"instock","10":"shipping-taxable","11":"purchasable","12":"product-type-simple"},"jetpack_sharing_enabled":true,"_links":{"self":[{"href":"https:\/\/crisgago.com\/es\/wp-json\/wp\/v2\/product\/9494","targetHints":{"allow":["GET"]}}],"collection":[{"href":"https:\/\/crisgago.com\/es\/wp-json\/wp\/v2\/product"}],"about":[{"href":"https:\/\/crisgago.com\/es\/wp-json\/wp\/v2\/types\/product"}],"wp:featuredmedia":[{"embeddable":true,"href":"https:\/\/crisgago.com\/es\/wp-json\/wp\/v2\/media\/9495"}],"wp:attachment":[{"href":"https:\/\/crisgago.com\/es\/wp-json\/wp\/v2\/media?parent=9494"}],"wp:term":[{"taxonomy":"product_brand","embeddable":true,"href":"https:\/\/crisgago.com\/es\/wp-json\/wp\/v2\/product_brand?post=9494"},{"taxonomy":"product_cat","embeddable":true,"href":"https:\/\/crisgago.com\/es\/wp-json\/wp\/v2\/product_cat?post=9494"},{"taxonomy":"product_tag","embeddable":true,"href":"https:\/\/crisgago.com\/es\/wp-json\/wp\/v2\/product_tag?post=9494"}],"curies":[{"name":"wp","href":"https:\/\/api.w.org\/{rel}","templated":true}]}}