{"id":8944,"date":"2025-12-21T10:33:45","date_gmt":"2025-12-21T10:33:45","guid":{"rendered":"https:\/\/crisgago.com\/?post_type=product&#038;p=8944"},"modified":"2026-04-02T10:31:29","modified_gmt":"2026-04-02T10:31:29","slug":"gift-card-2","status":"publish","type":"product","link":"https:\/\/crisgago.com\/es\/p\/ceramic\/gift-card-2\/","title":{"rendered":"Gift Card"},"content":{"rendered":"","protected":false},"excerpt":{"rendered":"<p>&nbsp;<\/p>\n<p>Regala tiempo para crear y disfrutar de una clase de cer\u00e1mica pensada para trabajar con las manos y desconectar.<\/p>\n<p data-start=\"636\" data-end=\"653\">Ten en cuenta que:<\/p>\n<ul data-start=\"545\" data-end=\"791\">\n<li data-start=\"545\" data-end=\"634\">\n<p data-start=\"547\" data-end=\"634\">Los cursos y workshops est\u00e1n sujetos a disponibilidad y requieren reserva previa.<\/p>\n<\/li>\n<li data-start=\"635\" data-end=\"710\">\n<p data-start=\"637\" data-end=\"710\">El bono tiene una validez de un a\u00f1o a partir de la fecha de compra.<\/p>\n<\/li>\n<li data-start=\"711\" data-end=\"791\">\n<p data-start=\"713\" data-end=\"791\">Recibir\u00e1s una versi\u00f3n digital en el correo electr\u00f3nico que nos indiques.<\/p>\n<\/li>\n<\/ul>","protected":false},"featured_media":8945,"template":"","meta":[],"product_brand":[],"product_cat":[70],"product_tag":[],"class_list":{"0":"post-8944","1":"product","2":"type-product","3":"status-publish","4":"has-post-thumbnail","6":"product_cat-ceramic","8":"first","9":"instock","10":"shipping-taxable","11":"purchasable","12":"product-type-simple"},"jetpack_sharing_enabled":true,"_links":{"self":[{"href":"https:\/\/crisgago.com\/es\/wp-json\/wp\/v2\/product\/8944","targetHints":{"allow":["GET"]}}],"collection":[{"href":"https:\/\/crisgago.com\/es\/wp-json\/wp\/v2\/product"}],"about":[{"href":"https:\/\/crisgago.com\/es\/wp-json\/wp\/v2\/types\/product"}],"wp:featuredmedia":[{"embeddable":true,"href":"https:\/\/crisgago.com\/es\/wp-json\/wp\/v2\/media\/8945"}],"wp:attachment":[{"href":"https:\/\/crisgago.com\/es\/wp-json\/wp\/v2\/media?parent=8944"}],"wp:term":[{"taxonomy":"product_brand","embeddable":true,"href":"https:\/\/crisgago.com\/es\/wp-json\/wp\/v2\/product_brand?post=8944"},{"taxonomy":"product_cat","embeddable":true,"href":"https:\/\/crisgago.com\/es\/wp-json\/wp\/v2\/product_cat?post=8944"},{"taxonomy":"product_tag","embeddable":true,"href":"https:\/\/crisgago.com\/es\/wp-json\/wp\/v2\/product_tag?post=8944"}],"curies":[{"name":"wp","href":"https:\/\/api.w.org\/{rel}","templated":true}]}}