{"id":8504,"date":"2025-04-05T22:18:01","date_gmt":"2025-04-05T22:18:01","guid":{"rendered":"https:\/\/moomo.studio\/?post_type=product&#038;p=8504"},"modified":"2026-04-02T09:54:41","modified_gmt":"2026-04-02T09:54:41","slug":"cos-2","status":"publish","type":"product","link":"https:\/\/crisgago.com\/es\/p\/ceramic\/cos-2\/","title":{"rendered":"Cos #2"},"content":{"rendered":"","protected":false},"excerpt":{"rendered":"<p>&nbsp;<\/p>\n<p>Este jarr\u00f3n est\u00e1 hecho con barro blanco tradicional utilizando la t\u00e9cnica de churros.<\/p>\n<p>Cada pieza est\u00e1 hecha a mano, lo que la convierte en una creaci\u00f3n \u00fanica.<\/p>\n<p>Obra original y \u00fanica realizada en 2024.<br \/>\nMeasuraments: 11&#215;20 aprox<\/p>","protected":false},"featured_media":8502,"template":"","meta":[],"product_brand":[],"product_cat":[70],"product_tag":[],"class_list":{"0":"post-8504","1":"product","2":"type-product","3":"status-publish","4":"has-post-thumbnail","6":"product_cat-ceramic","8":"first","9":"outofstock","10":"shipping-taxable","11":"purchasable","12":"product-type-simple"},"jetpack_sharing_enabled":true,"_links":{"self":[{"href":"https:\/\/crisgago.com\/es\/wp-json\/wp\/v2\/product\/8504","targetHints":{"allow":["GET"]}}],"collection":[{"href":"https:\/\/crisgago.com\/es\/wp-json\/wp\/v2\/product"}],"about":[{"href":"https:\/\/crisgago.com\/es\/wp-json\/wp\/v2\/types\/product"}],"wp:featuredmedia":[{"embeddable":true,"href":"https:\/\/crisgago.com\/es\/wp-json\/wp\/v2\/media\/8502"}],"wp:attachment":[{"href":"https:\/\/crisgago.com\/es\/wp-json\/wp\/v2\/media?parent=8504"}],"wp:term":[{"taxonomy":"product_brand","embeddable":true,"href":"https:\/\/crisgago.com\/es\/wp-json\/wp\/v2\/product_brand?post=8504"},{"taxonomy":"product_cat","embeddable":true,"href":"https:\/\/crisgago.com\/es\/wp-json\/wp\/v2\/product_cat?post=8504"},{"taxonomy":"product_tag","embeddable":true,"href":"https:\/\/crisgago.com\/es\/wp-json\/wp\/v2\/product_tag?post=8504"}],"curies":[{"name":"wp","href":"https:\/\/api.w.org\/{rel}","templated":true}]}}