{"id":8495,"date":"2025-04-05T21:40:04","date_gmt":"2025-04-05T21:40:04","guid":{"rendered":"https:\/\/moomo.studio\/?post_type=product&#038;p=8495"},"modified":"2026-04-02T09:56:37","modified_gmt":"2026-04-02T09:56:37","slug":"nua-7","status":"publish","type":"product","link":"https:\/\/crisgago.com\/es\/p\/ceramic\/nua-7\/","title":{"rendered":"Nua #8"},"content":{"rendered":"","protected":false},"excerpt":{"rendered":"<p>&nbsp;<\/p>\n<p>Este jarr\u00f3n ha sido modelado a partir de una mezcla de barros, empleando la t\u00e9cnica tradicional de churros.<\/p>\n<p>Cada pieza est\u00e1 hecha a mano, lo que la convierte en una creaci\u00f3n \u00fanica.<\/p>\n<p>Debido a su fragilidad, <strong>no ofrecemos servicio de env\u00edo<\/strong>, pero puedes venir a recogerla directamente en nuestro taller. Si est\u00e1s interesado\/a, no dudes en escribirnos a <em>hola@crisgago.com<\/em>, ser\u00e1 un placer atenderte.<\/p>\n<p>Obra original y \u00fanica realizada en 2024.<br \/>\nMeasuraments: 21\u00d729 aprox<\/p>","protected":false},"featured_media":8430,"template":"","meta":[],"product_brand":[],"product_cat":[70],"product_tag":[],"class_list":{"0":"post-8495","1":"product","2":"type-product","3":"status-publish","4":"has-post-thumbnail","6":"product_cat-ceramic","8":"first","9":"instock","10":"shipping-taxable","11":"purchasable","12":"product-type-simple"},"jetpack_sharing_enabled":true,"_links":{"self":[{"href":"https:\/\/crisgago.com\/es\/wp-json\/wp\/v2\/product\/8495","targetHints":{"allow":["GET"]}}],"collection":[{"href":"https:\/\/crisgago.com\/es\/wp-json\/wp\/v2\/product"}],"about":[{"href":"https:\/\/crisgago.com\/es\/wp-json\/wp\/v2\/types\/product"}],"wp:featuredmedia":[{"embeddable":true,"href":"https:\/\/crisgago.com\/es\/wp-json\/wp\/v2\/media\/8430"}],"wp:attachment":[{"href":"https:\/\/crisgago.com\/es\/wp-json\/wp\/v2\/media?parent=8495"}],"wp:term":[{"taxonomy":"product_brand","embeddable":true,"href":"https:\/\/crisgago.com\/es\/wp-json\/wp\/v2\/product_brand?post=8495"},{"taxonomy":"product_cat","embeddable":true,"href":"https:\/\/crisgago.com\/es\/wp-json\/wp\/v2\/product_cat?post=8495"},{"taxonomy":"product_tag","embeddable":true,"href":"https:\/\/crisgago.com\/es\/wp-json\/wp\/v2\/product_tag?post=8495"}],"curies":[{"name":"wp","href":"https:\/\/api.w.org\/{rel}","templated":true}]}}