{"id":8492,"date":"2025-04-05T21:30:05","date_gmt":"2025-04-05T21:30:05","guid":{"rendered":"https:\/\/moomo.studio\/?post_type=product&#038;p=8492"},"modified":"2025-12-21T11:22:45","modified_gmt":"2025-12-21T11:22:45","slug":"nua-5","status":"publish","type":"product","link":"https:\/\/crisgago.com\/es\/p\/ceramic\/nua-5\/","title":{"rendered":"Nua #6"},"content":{"rendered":"","protected":false},"excerpt":{"rendered":"<p>&nbsp;<\/p>\n<p>Este jarr\u00f3n est\u00e1 hecho con barro marr\u00f3n tradicional utilizando la t\u00e9cnica de churros.<\/p>\n<p>Cada pieza est\u00e1 hecha a mano, lo que la convierte en una creaci\u00f3n \u00fanica.<\/p>\n<p>Debido a su fragilidad, <strong>no ofrecemos servicio de env\u00edo<\/strong>, pero puedes venir a recogerla directamente en nuestro taller. Si est\u00e1s interesado\/a, no dudes en escribirnos a <em>hola@crisgago.com<\/em>, ser\u00e1 un placer atenderte.<\/p>\n<p>Obra original y \u00fanica realizada en 2024.<br \/>\nMedidas: 23\u00d724 aprox<\/p>","protected":false},"featured_media":8426,"template":"","meta":[],"product_brand":[],"product_cat":[70],"product_tag":[],"class_list":{"0":"post-8492","1":"product","2":"type-product","3":"status-publish","4":"has-post-thumbnail","6":"product_cat-ceramic","8":"first","9":"outofstock","10":"shipping-taxable","11":"purchasable","12":"product-type-simple"},"jetpack_sharing_enabled":true,"_links":{"self":[{"href":"https:\/\/crisgago.com\/es\/wp-json\/wp\/v2\/product\/8492","targetHints":{"allow":["GET"]}}],"collection":[{"href":"https:\/\/crisgago.com\/es\/wp-json\/wp\/v2\/product"}],"about":[{"href":"https:\/\/crisgago.com\/es\/wp-json\/wp\/v2\/types\/product"}],"wp:featuredmedia":[{"embeddable":true,"href":"https:\/\/crisgago.com\/es\/wp-json\/wp\/v2\/media\/8426"}],"wp:attachment":[{"href":"https:\/\/crisgago.com\/es\/wp-json\/wp\/v2\/media?parent=8492"}],"wp:term":[{"taxonomy":"product_brand","embeddable":true,"href":"https:\/\/crisgago.com\/es\/wp-json\/wp\/v2\/product_brand?post=8492"},{"taxonomy":"product_cat","embeddable":true,"href":"https:\/\/crisgago.com\/es\/wp-json\/wp\/v2\/product_cat?post=8492"},{"taxonomy":"product_tag","embeddable":true,"href":"https:\/\/crisgago.com\/es\/wp-json\/wp\/v2\/product_tag?post=8492"}],"curies":[{"name":"wp","href":"https:\/\/api.w.org\/{rel}","templated":true}]}}