{"id":8481,"date":"2025-04-04T22:45:30","date_gmt":"2025-04-04T22:45:30","guid":{"rendered":"https:\/\/moomo.studio\/?post_type=product&#038;p=8481"},"modified":"2026-04-02T09:58:54","modified_gmt":"2026-04-02T09:58:54","slug":"nua-2","status":"publish","type":"product","link":"https:\/\/crisgago.com\/es\/p\/ceramic\/nua-2\/","title":{"rendered":"Nua #3"},"content":{"rendered":"","protected":false},"excerpt":{"rendered":"<p>&nbsp;<\/p>\n<p>Este jarr\u00f3n ha sido modelado a partir de una mezcla de barros, empleando la t\u00e9cnica tradicional de churros.<\/p>\n<p>Cada pieza est\u00e1 hecha a mano, lo que la convierte en una creaci\u00f3n \u00fanica.<\/p>\n<p>Debido a su fragilidad, <strong>no ofrecemos servicio de env\u00edo<\/strong>, pero puedes venir a recogerla directamente en nuestro taller. Si est\u00e1s interesado\/a, no dudes en escribirnos a <em>hola@crisgago.com<\/em>, ser\u00e1 un placer atenderte.<\/p>\n<p>Obra original y \u00fanica realizada en 2024.<br \/>\nMeasuraments: 29\u00d734 aprox<\/p>","protected":false},"featured_media":8312,"template":"","meta":[],"product_brand":[],"product_cat":[70],"product_tag":[],"class_list":{"0":"post-8481","1":"product","2":"type-product","3":"status-publish","4":"has-post-thumbnail","6":"product_cat-ceramic","7":"product_shipping_class-fragile","9":"first","10":"instock","11":"virtual","12":"purchasable","13":"product-type-simple"},"jetpack_sharing_enabled":true,"_links":{"self":[{"href":"https:\/\/crisgago.com\/es\/wp-json\/wp\/v2\/product\/8481","targetHints":{"allow":["GET"]}}],"collection":[{"href":"https:\/\/crisgago.com\/es\/wp-json\/wp\/v2\/product"}],"about":[{"href":"https:\/\/crisgago.com\/es\/wp-json\/wp\/v2\/types\/product"}],"wp:featuredmedia":[{"embeddable":true,"href":"https:\/\/crisgago.com\/es\/wp-json\/wp\/v2\/media\/8312"}],"wp:attachment":[{"href":"https:\/\/crisgago.com\/es\/wp-json\/wp\/v2\/media?parent=8481"}],"wp:term":[{"taxonomy":"product_brand","embeddable":true,"href":"https:\/\/crisgago.com\/es\/wp-json\/wp\/v2\/product_brand?post=8481"},{"taxonomy":"product_cat","embeddable":true,"href":"https:\/\/crisgago.com\/es\/wp-json\/wp\/v2\/product_cat?post=8481"},{"taxonomy":"product_tag","embeddable":true,"href":"https:\/\/crisgago.com\/es\/wp-json\/wp\/v2\/product_tag?post=8481"}],"curies":[{"name":"wp","href":"https:\/\/api.w.org\/{rel}","templated":true}]}}