{"id":8029,"date":"2023-10-11T16:44:03","date_gmt":"2023-10-11T16:44:03","guid":{"rendered":"https:\/\/moomo.studio\/?post_type=product&#038;p=8029"},"modified":"2026-03-12T14:48:35","modified_gmt":"2026-03-12T14:48:35","slug":"nuvols-iv","status":"publish","type":"product","link":"https:\/\/crisgago.com\/es\/p\/art\/nuvols-iv\/","title":{"rendered":"N\u00favols IV"},"content":{"rendered":"","protected":false},"excerpt":{"rendered":"<p>&nbsp;<\/p>\n<p>T\u00e9cnica mixta con acr\u00edlicos y l\u00e1pices de colores en papel 300 gr. \nDimensiones: 28 x 21 cm.<\/p>\n<p>Obra original y firmada, realizada en 2023.<\/p>","protected":false},"featured_media":8030,"template":"","meta":[],"product_brand":[],"product_cat":[69],"product_tag":[],"class_list":{"0":"post-8029","1":"product","2":"type-product","3":"status-publish","4":"has-post-thumbnail","6":"product_cat-art","8":"first","9":"outofstock","10":"shipping-taxable","11":"purchasable","12":"product-type-simple"},"jetpack_sharing_enabled":true,"_links":{"self":[{"href":"https:\/\/crisgago.com\/es\/wp-json\/wp\/v2\/product\/8029","targetHints":{"allow":["GET"]}}],"collection":[{"href":"https:\/\/crisgago.com\/es\/wp-json\/wp\/v2\/product"}],"about":[{"href":"https:\/\/crisgago.com\/es\/wp-json\/wp\/v2\/types\/product"}],"wp:featuredmedia":[{"embeddable":true,"href":"https:\/\/crisgago.com\/es\/wp-json\/wp\/v2\/media\/8030"}],"wp:attachment":[{"href":"https:\/\/crisgago.com\/es\/wp-json\/wp\/v2\/media?parent=8029"}],"wp:term":[{"taxonomy":"product_brand","embeddable":true,"href":"https:\/\/crisgago.com\/es\/wp-json\/wp\/v2\/product_brand?post=8029"},{"taxonomy":"product_cat","embeddable":true,"href":"https:\/\/crisgago.com\/es\/wp-json\/wp\/v2\/product_cat?post=8029"},{"taxonomy":"product_tag","embeddable":true,"href":"https:\/\/crisgago.com\/es\/wp-json\/wp\/v2\/product_tag?post=8029"}],"curies":[{"name":"wp","href":"https:\/\/api.w.org\/{rel}","templated":true}]}}