{"id":6983,"date":"2020-08-23T14:38:39","date_gmt":"2020-08-23T14:38:39","guid":{"rendered":"https:\/\/moomo.studio\/?post_type=product&#038;p=6983"},"modified":"2026-01-29T20:04:35","modified_gmt":"2026-01-29T20:04:35","slug":"paca","status":"publish","type":"product","link":"https:\/\/crisgago.com\/es\/p\/clothing\/paca\/","title":{"rendered":"Paca"},"content":{"rendered":"<p>Cardigan de punto muy caliente con fit holgado. Este cardigan est\u00e1 hecho de lana de alpaca y seda de alta calidad. Puedes usarlo como un abrigo ligero en primavera y tambi\u00e9n es perfecto bajo el abrigo. Con mangas globo y con detalles de color en los pu\u00f1os y en la parte inferior. \nLes recordamos que tejemos nuestros productos uno por uno con mucho amor, as\u00ed que les pedimos un poco de paciencia de su parte al recibir el pedido. <strong>Hecho y dise\u00f1ado en Barcelona. <\/strong><\/p>","protected":false},"excerpt":{"rendered":"<p>&nbsp;<\/p>\n<p>Cada c\u00e1rdigan est\u00e1 cuidadosamente tejido a mano, uno por uno, lo que hace que cada pieza sea \u00fanica.<br data-start=\"265\" data-end=\"268\" \/>Suave, transpirable y dise\u00f1ado para durar: es hora de tener algo creado especialmente para ti.<\/p>","protected":false},"featured_media":6995,"template":"","meta":[],"product_brand":[],"product_cat":[68],"product_tag":[66],"class_list":{"0":"post-6983","1":"product","2":"type-product","3":"status-publish","4":"has-post-thumbnail","6":"product_cat-clothing","7":"product_tag-handmade-knit-cardigan","9":"first","10":"instock","11":"sale","12":"shipping-taxable","13":"purchasable","14":"product-type-simple"},"jetpack_sharing_enabled":true,"_links":{"self":[{"href":"https:\/\/crisgago.com\/es\/wp-json\/wp\/v2\/product\/6983","targetHints":{"allow":["GET"]}}],"collection":[{"href":"https:\/\/crisgago.com\/es\/wp-json\/wp\/v2\/product"}],"about":[{"href":"https:\/\/crisgago.com\/es\/wp-json\/wp\/v2\/types\/product"}],"wp:featuredmedia":[{"embeddable":true,"href":"https:\/\/crisgago.com\/es\/wp-json\/wp\/v2\/media\/6995"}],"wp:attachment":[{"href":"https:\/\/crisgago.com\/es\/wp-json\/wp\/v2\/media?parent=6983"}],"wp:term":[{"taxonomy":"product_brand","embeddable":true,"href":"https:\/\/crisgago.com\/es\/wp-json\/wp\/v2\/product_brand?post=6983"},{"taxonomy":"product_cat","embeddable":true,"href":"https:\/\/crisgago.com\/es\/wp-json\/wp\/v2\/product_cat?post=6983"},{"taxonomy":"product_tag","embeddable":true,"href":"https:\/\/crisgago.com\/es\/wp-json\/wp\/v2\/product_tag?post=6983"}],"curies":[{"name":"wp","href":"https:\/\/api.w.org\/{rel}","templated":true}]}}