{"id":4247,"date":"2019-11-09T20:23:27","date_gmt":"2019-11-09T20:23:27","guid":{"rendered":"https:\/\/moomo.studio\/?post_type=product&#038;p=4247"},"modified":"2026-01-29T20:04:35","modified_gmt":"2026-01-29T20:04:35","slug":"mu","status":"publish","type":"product","link":"https:\/\/crisgago.com\/es\/p\/clothing\/mu\/","title":{"rendered":"M\u016b"},"content":{"rendered":"<p>C\u00f3modo y ligero, jersey de punto con cuello redondo y fit holgado. El colorido y el jacquard hacen de este dise\u00f1o una pieza verdaderamente \u00fanica. Hecho para resistir el paso del tiempo, para que puedas usarlo una y otra vez. <strong>Hecho y dise\u00f1ado en Barcelona.<\/strong><\/p>","protected":false},"excerpt":{"rendered":"<p>&nbsp;<\/p>\n<p>C\u00f3modo, transpirable y duradero. Nuestros jers\u00e9is de punto est\u00e1n hechos de hilos de lana italiana de alta calidad, muy calentitos y suaves en la piel. No pican.<\/p>","protected":false},"featured_media":6976,"template":"","meta":[],"product_brand":[],"product_cat":[68],"product_tag":[65],"class_list":{"0":"post-4247","1":"product","2":"type-product","3":"status-publish","4":"has-post-thumbnail","6":"product_cat-clothing","7":"product_tag-knit-sweater","9":"first","10":"outofstock","11":"shipping-taxable","12":"purchasable","13":"product-type-simple"},"jetpack_sharing_enabled":true,"_links":{"self":[{"href":"https:\/\/crisgago.com\/es\/wp-json\/wp\/v2\/product\/4247","targetHints":{"allow":["GET"]}}],"collection":[{"href":"https:\/\/crisgago.com\/es\/wp-json\/wp\/v2\/product"}],"about":[{"href":"https:\/\/crisgago.com\/es\/wp-json\/wp\/v2\/types\/product"}],"wp:featuredmedia":[{"embeddable":true,"href":"https:\/\/crisgago.com\/es\/wp-json\/wp\/v2\/media\/6976"}],"wp:attachment":[{"href":"https:\/\/crisgago.com\/es\/wp-json\/wp\/v2\/media?parent=4247"}],"wp:term":[{"taxonomy":"product_brand","embeddable":true,"href":"https:\/\/crisgago.com\/es\/wp-json\/wp\/v2\/product_brand?post=4247"},{"taxonomy":"product_cat","embeddable":true,"href":"https:\/\/crisgago.com\/es\/wp-json\/wp\/v2\/product_cat?post=4247"},{"taxonomy":"product_tag","embeddable":true,"href":"https:\/\/crisgago.com\/es\/wp-json\/wp\/v2\/product_tag?post=4247"}],"curies":[{"name":"wp","href":"https:\/\/api.w.org\/{rel}","templated":true}]}}