{"id":8927,"date":"2025-12-20T19:30:10","date_gmt":"2025-12-20T19:30:10","guid":{"rendered":"https:\/\/crisgago.com\/?page_id=8927"},"modified":"2025-12-22T14:35:08","modified_gmt":"2025-12-22T14:35:08","slug":"ash","status":"publish","type":"page","link":"https:\/\/crisgago.com\/es\/ash\/","title":{"rendered":"Ash"},"content":{"rendered":"<div class=\"wp-block-group project-intro\"><div class=\"wp-block-group__inner-container is-layout-constrained wp-block-group-is-layout-constrained\">\n<p class=\"has-text-align-center has-text-color has-link-color has-medium-font-size wp-elements-9120fb46d989ec31fab6cc29642eb7f9\" style=\"color:#838a90;font-style:normal;font-weight:200\">ASH se forma a trav\u00e9s del fuego y el tiempo. Una colecci\u00f3n de piezas de gres cocidas en horno de le\u00f1a, donde la ceniza se deposita de forma natural sobre la superficie durante la cocci\u00f3n. La interacci\u00f3n entre la llama, la ceniza y la arcilla determina el car\u00e1cter de cada pieza.<\/p>\n<\/div><\/div>\n\n\n<div style=\"--gago-gallery-height: 500px; --gago-gallery-gap: 5px;\" class=\"gago-gallery-wrapper wp-block-gago-gallery-gallery\"><ul class=\"mosaic-gallery\"><li style=\"background-image: url(&#039;https:\/\/crisgago.com\/wp-content\/uploads\/2025\/12\/2-scaled.jpg&#039;); transform: translate(-5px, -5px);\"><img decoding=\"async\" src=\"https:\/\/crisgago.com\/wp-content\/uploads\/2025\/12\/2-scaled.jpg\" alt=\"\" \/><\/li><li style=\"background-image: url(&#039;https:\/\/crisgago.com\/wp-content\/uploads\/2025\/12\/IMG_0138-scaled.jpg&#039;); transform: translate(2px, -3px);\"><img decoding=\"async\" src=\"https:\/\/crisgago.com\/wp-content\/uploads\/2025\/12\/IMG_0138-scaled.jpg\" alt=\"\" \/><\/li><li style=\"background-image: url(&#039;https:\/\/crisgago.com\/wp-content\/uploads\/2025\/12\/IMG_8987-2-scaled.jpeg&#039;); transform: translate(5px, -1px);\"><img decoding=\"async\" src=\"https:\/\/crisgago.com\/wp-content\/uploads\/2025\/12\/IMG_8987-2-scaled.jpeg\" alt=\"\" \/><\/li><li style=\"background-image: url(&#039;https:\/\/crisgago.com\/wp-content\/uploads\/2025\/12\/IMG_8855-scaled.jpg&#039;); transform: translate(1px, -4px);\"><img decoding=\"async\" src=\"https:\/\/crisgago.com\/wp-content\/uploads\/2025\/12\/IMG_8855-scaled.jpg\" alt=\"\" \/><\/li><li style=\"background-image: url(&#039;https:\/\/crisgago.com\/wp-content\/uploads\/2025\/12\/IMG_0045-scaled.jpg&#039;); transform: translate(2px, 8px);\"><img decoding=\"async\" src=\"https:\/\/crisgago.com\/wp-content\/uploads\/2025\/12\/IMG_0045-scaled.jpg\" alt=\"\" \/><\/li><li style=\"background-image: url(&#039;https:\/\/crisgago.com\/wp-content\/uploads\/2025\/12\/IMG_8822-scaled.jpg&#039;); transform: translate(-4px, 10px);\"><img decoding=\"async\" src=\"https:\/\/crisgago.com\/wp-content\/uploads\/2025\/12\/IMG_8822-scaled.jpg\" alt=\"\" \/><\/li><li style=\"background-image: url(&#039;https:\/\/crisgago.com\/wp-content\/uploads\/2025\/12\/IMG_0084-scaled.jpg&#039;); transform: translate(7px, 7px);\"><img decoding=\"async\" src=\"https:\/\/crisgago.com\/wp-content\/uploads\/2025\/12\/IMG_0084-scaled.jpg\" alt=\"\" \/><\/li><li style=\"background-image: url(&#039;https:\/\/crisgago.com\/wp-content\/uploads\/2025\/12\/IMG_0170-scaled.jpg&#039;); transform: translate(4px, 3px);\"><img decoding=\"async\" src=\"https:\/\/crisgago.com\/wp-content\/uploads\/2025\/12\/IMG_0170-scaled.jpg\" alt=\"\" \/><\/li><li style=\"background-image: url(&#039;https:\/\/crisgago.com\/wp-content\/uploads\/2025\/12\/4-scaled.jpg&#039;); transform: translate(10px, -6px);\"><img decoding=\"async\" src=\"https:\/\/crisgago.com\/wp-content\/uploads\/2025\/12\/4-scaled.jpg\" alt=\"\" \/><\/li><li style=\"background-image: url(&#039;https:\/\/crisgago.com\/wp-content\/uploads\/2025\/12\/IMG_9043.jpeg&#039;); transform: translate(8px, -1px);\"><img decoding=\"async\" src=\"https:\/\/crisgago.com\/wp-content\/uploads\/2025\/12\/IMG_9043.jpeg\" alt=\"\" \/><\/li><li style=\"background-image: url(&#039;https:\/\/crisgago.com\/wp-content\/uploads\/2025\/12\/IMG_0209-scaled.jpg&#039;); transform: translate(10px, 0px);\"><img decoding=\"async\" src=\"https:\/\/crisgago.com\/wp-content\/uploads\/2025\/12\/IMG_0209-scaled.jpg\" alt=\"\" \/><\/li><li style=\"background-image: url(&#039;https:\/\/crisgago.com\/wp-content\/uploads\/2025\/12\/3b86fb6f7c1c7fdd79c2c6cbcb39b8ac.jpg&#039;); transform: translate(-8px, 5px);\"><img decoding=\"async\" src=\"https:\/\/crisgago.com\/wp-content\/uploads\/2025\/12\/3b86fb6f7c1c7fdd79c2c6cbcb39b8ac.jpg\" alt=\"\" \/><\/li><li style=\"background-image: url(&#039;https:\/\/crisgago.com\/wp-content\/uploads\/2025\/12\/IMG_8847-scaled.jpg&#039;); transform: translate(3px, -8px);\"><img decoding=\"async\" src=\"https:\/\/crisgago.com\/wp-content\/uploads\/2025\/12\/IMG_8847-scaled.jpg\" alt=\"\" \/><\/li><li style=\"background-image: url(&#039;https:\/\/crisgago.com\/wp-content\/uploads\/2025\/12\/IMG_8775.heic&#039;); transform: translate(5px, -8px);\"><img decoding=\"async\" src=\"https:\/\/crisgago.com\/wp-content\/uploads\/2025\/12\/IMG_8775.heic\" alt=\"\" \/><\/li><\/ul><\/div>","protected":false},"excerpt":{"rendered":"<p>ASH se forma a trav\u00e9s del fuego y el tiempo. Una colecci\u00f3n de piezas de gres cocidas en horno de le\u00f1a, donde la ceniza se deposita de forma natural sobre la superficie durante la cocci\u00f3n. La interacci\u00f3n entre la llama, la ceniza y la arcilla determina el car\u00e1cter de cada pieza.<\/p>","protected":false},"author":27,"featured_media":0,"parent":0,"menu_order":0,"comment_status":"closed","ping_status":"closed","template":"","meta":{"footnotes":""},"class_list":["post-8927","page","type-page","status-publish","hentry"],"jetpack_sharing_enabled":true,"_links":{"self":[{"href":"https:\/\/crisgago.com\/es\/wp-json\/wp\/v2\/pages\/8927","targetHints":{"allow":["GET"]}}],"collection":[{"href":"https:\/\/crisgago.com\/es\/wp-json\/wp\/v2\/pages"}],"about":[{"href":"https:\/\/crisgago.com\/es\/wp-json\/wp\/v2\/types\/page"}],"author":[{"embeddable":true,"href":"https:\/\/crisgago.com\/es\/wp-json\/wp\/v2\/users\/27"}],"replies":[{"embeddable":true,"href":"https:\/\/crisgago.com\/es\/wp-json\/wp\/v2\/comments?post=8927"}],"version-history":[{"count":15,"href":"https:\/\/crisgago.com\/es\/wp-json\/wp\/v2\/pages\/8927\/revisions"}],"predecessor-version":[{"id":9092,"href":"https:\/\/crisgago.com\/es\/wp-json\/wp\/v2\/pages\/8927\/revisions\/9092"}],"wp:attachment":[{"href":"https:\/\/crisgago.com\/es\/wp-json\/wp\/v2\/media?parent=8927"}],"curies":[{"name":"wp","href":"https:\/\/api.w.org\/{rel}","templated":true}]}}