{"id":8925,"date":"2025-12-20T19:09:44","date_gmt":"2025-12-20T19:09:44","guid":{"rendered":"https:\/\/crisgago.com\/?page_id=8925"},"modified":"2025-12-27T11:06:07","modified_gmt":"2025-12-27T11:06:07","slug":"platets","status":"publish","type":"page","link":"https:\/\/crisgago.com\/es\/platets\/","title":{"rendered":"Platets"},"content":{"rendered":"<div class=\"wp-block-group project-intro\"><div class=\"wp-block-group__inner-container is-layout-constrained wp-block-group-is-layout-constrained\">\n<p class=\"has-text-align-center has-text-color has-link-color has-medium-font-size wp-elements-2a2fcea710d5025cd4623015acc6206a\" style=\"color:#838a90;font-style:normal;font-weight:200\">PLATETS nace de la reutilizaci\u00f3n del material. Peque\u00f1os platos realizados con barro recuperado de otras piezas, coloreados con \u00f3xidos. Cada plato presenta variaciones propias del proceso, lo que hace que cada pieza sea \u00fanica.<\/p>\n<\/div><\/div>\n\n\n<div style=\"--gago-gallery-height: 500px; --gago-gallery-gap: 5px;\" class=\"gago-gallery-wrapper wp-block-gago-gallery-gallery\"><ul class=\"mosaic-gallery\"><li style=\"background-image: url(&#039;https:\/\/crisgago.com\/wp-content\/uploads\/2025\/12\/IMG_3558-scaled.jpg&#039;); transform: translate(3px, 7px);\"><img decoding=\"async\" src=\"https:\/\/crisgago.com\/wp-content\/uploads\/2025\/12\/IMG_3558-scaled.jpg\" alt=\"\" \/><\/li><li style=\"background-image: url(&#039;https:\/\/crisgago.com\/wp-content\/uploads\/2025\/10\/IMG_9043-scaled.jpg&#039;); transform: translate(-5px, -8px);\"><img decoding=\"async\" src=\"https:\/\/crisgago.com\/wp-content\/uploads\/2025\/10\/IMG_9043-scaled.jpg\" alt=\"\" \/><\/li><li style=\"background-image: url(&#039;https:\/\/crisgago.com\/wp-content\/uploads\/2025\/12\/IMG_3273-scaled.jpg&#039;); transform: translate(7px, 10px);\"><img decoding=\"async\" src=\"https:\/\/crisgago.com\/wp-content\/uploads\/2025\/12\/IMG_3273-scaled.jpg\" alt=\"\" \/><\/li><li style=\"background-image: url(&#039;https:\/\/crisgago.com\/wp-content\/uploads\/2025\/12\/IMG_8620-scaled.jpg&#039;); transform: translate(10px, 2px);\"><img decoding=\"async\" src=\"https:\/\/crisgago.com\/wp-content\/uploads\/2025\/12\/IMG_8620-scaled.jpg\" alt=\"\" \/><\/li><li style=\"background-image: url(&#039;https:\/\/crisgago.com\/wp-content\/uploads\/2025\/12\/968c3a0c43788d5e158a2c2b01cdad1a.jpg&#039;); transform: translate(-6px, -5px);\"><img decoding=\"async\" src=\"https:\/\/crisgago.com\/wp-content\/uploads\/2025\/12\/968c3a0c43788d5e158a2c2b01cdad1a.jpg\" alt=\"\" \/><\/li><li style=\"background-image: url(&#039;https:\/\/crisgago.com\/wp-content\/uploads\/2025\/10\/IMG_8888-scaled.jpg&#039;); transform: translate(-6px, -3px);\"><img decoding=\"async\" src=\"https:\/\/crisgago.com\/wp-content\/uploads\/2025\/10\/IMG_8888-scaled.jpg\" alt=\"\" \/><\/li><li style=\"background-image: url(&#039;https:\/\/crisgago.com\/wp-content\/uploads\/2025\/10\/IMG_9005-scaled.jpg&#039;); transform: translate(-4px, -10px);\"><img decoding=\"async\" src=\"https:\/\/crisgago.com\/wp-content\/uploads\/2025\/10\/IMG_9005-scaled.jpg\" alt=\"\" \/><\/li><li style=\"background-image: url(&#039;https:\/\/crisgago.com\/wp-content\/uploads\/2025\/10\/IMG_9059-scaled.jpg&#039;); transform: translate(-8px, 5px);\"><img decoding=\"async\" src=\"https:\/\/crisgago.com\/wp-content\/uploads\/2025\/10\/IMG_9059-scaled.jpg\" alt=\"\" \/><\/li><li style=\"background-image: url(&#039;https:\/\/crisgago.com\/wp-content\/uploads\/2025\/10\/IMG_9154-scaled.jpg&#039;); transform: translate(6px, 0px);\"><img decoding=\"async\" src=\"https:\/\/crisgago.com\/wp-content\/uploads\/2025\/10\/IMG_9154-scaled.jpg\" alt=\"\" \/><\/li><li style=\"background-image: url(&#039;https:\/\/crisgago.com\/wp-content\/uploads\/2025\/12\/IMG_3273-1-1-scaled.jpg&#039;); transform: translate(-4px, 1px);\"><img decoding=\"async\" src=\"https:\/\/crisgago.com\/wp-content\/uploads\/2025\/12\/IMG_3273-1-1-scaled.jpg\" alt=\"\" \/><\/li><li style=\"background-image: url(&#039;https:\/\/crisgago.com\/wp-content\/uploads\/2025\/10\/IMG_8992-scaled.jpg&#039;); transform: translate(-2px, -10px);\"><img decoding=\"async\" src=\"https:\/\/crisgago.com\/wp-content\/uploads\/2025\/10\/IMG_8992-scaled.jpg\" alt=\"\" \/><\/li><li style=\"background-image: url(&#039;https:\/\/crisgago.com\/wp-content\/uploads\/2025\/10\/IMG_8893-scaled.jpg&#039;); transform: translate(3px, 9px);\"><img decoding=\"async\" src=\"https:\/\/crisgago.com\/wp-content\/uploads\/2025\/10\/IMG_8893-scaled.jpg\" alt=\"\" \/><\/li><li style=\"background-image: url(&#039;https:\/\/crisgago.com\/wp-content\/uploads\/2025\/10\/IMG_9157-scaled.jpg&#039;); transform: translate(3px, -7px);\"><img decoding=\"async\" src=\"https:\/\/crisgago.com\/wp-content\/uploads\/2025\/10\/IMG_9157-scaled.jpg\" alt=\"\" \/><\/li><li style=\"background-image: url(&#039;https:\/\/crisgago.com\/wp-content\/uploads\/2025\/10\/IMG_8981-scaled.jpg&#039;); transform: translate(-4px, -4px);\"><img decoding=\"async\" src=\"https:\/\/crisgago.com\/wp-content\/uploads\/2025\/10\/IMG_8981-scaled.jpg\" alt=\"\" \/><\/li><li style=\"background-image: url(&#039;https:\/\/crisgago.com\/wp-content\/uploads\/2025\/12\/13ca87765c36736e4493e5004ba76ec2.jpg&#039;); transform: translate(0px, 8px);\"><img decoding=\"async\" src=\"https:\/\/crisgago.com\/wp-content\/uploads\/2025\/12\/13ca87765c36736e4493e5004ba76ec2.jpg\" alt=\"\" \/><\/li><\/ul><\/div>","protected":false},"excerpt":{"rendered":"<p>PLATETS nace de la reutilizaci\u00f3n del material. Peque\u00f1os platos realizados con barro recuperado de otras piezas, coloreados con \u00f3xidos. Cada plato presenta variaciones propias del proceso, lo que hace que cada pieza sea \u00fanica.<\/p>","protected":false},"author":27,"featured_media":0,"parent":0,"menu_order":0,"comment_status":"closed","ping_status":"closed","template":"","meta":{"footnotes":""},"class_list":["post-8925","page","type-page","status-publish","hentry"],"jetpack_sharing_enabled":true,"_links":{"self":[{"href":"https:\/\/crisgago.com\/es\/wp-json\/wp\/v2\/pages\/8925","targetHints":{"allow":["GET"]}}],"collection":[{"href":"https:\/\/crisgago.com\/es\/wp-json\/wp\/v2\/pages"}],"about":[{"href":"https:\/\/crisgago.com\/es\/wp-json\/wp\/v2\/types\/page"}],"author":[{"embeddable":true,"href":"https:\/\/crisgago.com\/es\/wp-json\/wp\/v2\/users\/27"}],"replies":[{"embeddable":true,"href":"https:\/\/crisgago.com\/es\/wp-json\/wp\/v2\/comments?post=8925"}],"version-history":[{"count":52,"href":"https:\/\/crisgago.com\/es\/wp-json\/wp\/v2\/pages\/8925\/revisions"}],"predecessor-version":[{"id":9307,"href":"https:\/\/crisgago.com\/es\/wp-json\/wp\/v2\/pages\/8925\/revisions\/9307"}],"wp:attachment":[{"href":"https:\/\/crisgago.com\/es\/wp-json\/wp\/v2\/media?parent=8925"}],"curies":[{"name":"wp","href":"https:\/\/api.w.org\/{rel}","templated":true}]}}