{"id":8712,"date":"2025-08-03T17:07:14","date_gmt":"2025-08-03T17:07:14","guid":{"rendered":"https:\/\/crisgago.com\/?page_id=8712"},"modified":"2025-12-21T19:27:06","modified_gmt":"2025-12-21T19:27:06","slug":"regular-classes","status":"publish","type":"page","link":"https:\/\/crisgago.com\/es\/regular-classes\/","title":{"rendered":"Clases Regulares"},"content":{"rendered":"<div class=\"wp-block-group alignfull is-content-justification-center\" style=\"margin-top:0;margin-bottom:0;padding-top:calc( 0.5 * var(u002du002dwpu002du002dstyleu002du002drootu002du002dpadding-right, var(u002du002dwpu002du002dcustomu002du002dgapu002du002dhorizontal)));padding-right:var(u002du002dwpu002du002dstyleu002du002drootu002du002dpadding-right, var(u002du002dwpu002du002dcustomu002du002dgapu002du002dhorizontal));padding-bottom:calc( 0.5 * var(u002du002dwpu002du002dstyleu002du002drootu002du002dpadding-right, var(u002du002dwpu002du002dcustomu002du002dgapu002du002dhorizontal)));padding-left:var(u002du002dwpu002du002dstyleu002du002drootu002du002dpadding-left, var(u002du002dwpu002du002dcustomu002du002dgapu002du002dhorizontal))\"><div class=\"wp-block-group__inner-container is-layout-constrained wp-container-core-group-is-layout-1764ef02 wp-block-group-is-layout-constrained\">\n<div style=\"height:0px\" aria-hidden=\"true\" class=\"wp-block-spacer\"><\/div>\n\n\n\n<div class=\"wp-block-columns alignwide is-layout-flex wp-container-core-columns-is-layout-6aa4370a wp-block-columns-is-layout-flex\">\n<div class=\"wp-block-column is-vertically-aligned-center is-content-justification-left is-layout-constrained wp-container-core-column-is-layout-1c92c9cf wp-block-column-is-layout-constrained\" style=\"flex-basis:40%\">\n<h6 class=\"wp-block-heading\"><\/h6>\n\n\n\n<p>Ofrezco clases de cer\u00e1mica individuales en mi taller, en Sitges, completamente personalizadas para cada estudiante.<\/p>\n\n\n\n<p>Estas sesiones privadas se adaptan a tu nivel e intereses: puedes empezar desde cero o traer un proyecto espec\u00edfico en el que trabajaremos juntos.<\/p>\n\n\n\n<p>Las clases tienen una duraci\u00f3n de 1,5 horas y se programan con horarios flexibles, por la ma\u00f1ana o por la tarde, seg\u00fan tu disponibilidad. Cada sesi\u00f3n se realiza en un ambiente tranquilo y concentrado, permiti\u00e9ndote trabajar a tu propio ritmo y aprovechar al m\u00e1ximo el proceso.<\/p>\n\n\n\n<p>Si tienes alguna pregunta o quieres reservar una clase, escr\u00edbeme a <a>hola@crisgago.com<\/a> y te responder\u00e9 lo antes posible.<\/p>\n<\/div>\n\n\n\n<div class=\"wp-block-column is-vertically-aligned-center is-layout-flow wp-block-column-is-layout-flow\">\n<div class=\"wp-block-columns alignwide is-layout-flex wp-container-core-columns-is-layout-3cc86ecb wp-block-columns-is-layout-flex\">\n<div class=\"wp-block-column is-layout-flow wp-block-column-is-layout-flow\">\n<figure class=\"wp-block-image size-full is-style-default\"><img loading=\"lazy\" decoding=\"async\" width=\"1707\" height=\"2560\" src=\"https:\/\/crisgago.com\/wp-content\/uploads\/2025\/08\/IMG_3588-scaled.jpg\" alt=\"\" class=\"wp-image-8714\" srcset=\"https:\/\/crisgago.com\/wp-content\/uploads\/2025\/08\/IMG_3588-scaled.jpg 1707w, https:\/\/crisgago.com\/wp-content\/uploads\/2025\/08\/IMG_3588-200x300.jpg 200w, https:\/\/crisgago.com\/wp-content\/uploads\/2025\/08\/IMG_3588-683x1024.jpg 683w, https:\/\/crisgago.com\/wp-content\/uploads\/2025\/08\/IMG_3588-768x1152.jpg 768w, https:\/\/crisgago.com\/wp-content\/uploads\/2025\/08\/IMG_3588-1024x1536.jpg 1024w, https:\/\/crisgago.com\/wp-content\/uploads\/2025\/08\/IMG_3588-1365x2048.jpg 1365w, https:\/\/crisgago.com\/wp-content\/uploads\/2025\/08\/IMG_3588-8x12.jpg 8w, https:\/\/crisgago.com\/wp-content\/uploads\/2025\/08\/IMG_3588-800x1200.jpg 800w, https:\/\/crisgago.com\/wp-content\/uploads\/2025\/08\/IMG_3588-300x450.jpg 300w, https:\/\/crisgago.com\/wp-content\/uploads\/2025\/08\/IMG_3588-600x900.jpg 600w\" sizes=\"auto, (max-width: 1707px) 100vw, 1707px\" \/><\/figure>\n<\/div>\n\n\n\n<div class=\"wp-block-column is-layout-flow wp-block-column-is-layout-flow\">\n<figure class=\"wp-block-image size-full is-style-default\"><img loading=\"lazy\" decoding=\"async\" width=\"1707\" height=\"2560\" src=\"https:\/\/crisgago.com\/wp-content\/uploads\/2025\/08\/IMG_6025-scaled.jpg\" alt=\"\" class=\"wp-image-8713\" srcset=\"https:\/\/crisgago.com\/wp-content\/uploads\/2025\/08\/IMG_6025-scaled.jpg 1707w, https:\/\/crisgago.com\/wp-content\/uploads\/2025\/08\/IMG_6025-200x300.jpg 200w, https:\/\/crisgago.com\/wp-content\/uploads\/2025\/08\/IMG_6025-683x1024.jpg 683w, https:\/\/crisgago.com\/wp-content\/uploads\/2025\/08\/IMG_6025-768x1152.jpg 768w, https:\/\/crisgago.com\/wp-content\/uploads\/2025\/08\/IMG_6025-1024x1536.jpg 1024w, https:\/\/crisgago.com\/wp-content\/uploads\/2025\/08\/IMG_6025-1365x2048.jpg 1365w, https:\/\/crisgago.com\/wp-content\/uploads\/2025\/08\/IMG_6025-8x12.jpg 8w, https:\/\/crisgago.com\/wp-content\/uploads\/2025\/08\/IMG_6025-800x1200.jpg 800w, https:\/\/crisgago.com\/wp-content\/uploads\/2025\/08\/IMG_6025-300x450.jpg 300w, https:\/\/crisgago.com\/wp-content\/uploads\/2025\/08\/IMG_6025-600x900.jpg 600w\" sizes=\"auto, (max-width: 1707px) 100vw, 1707px\" \/><\/figure>\n<\/div>\n<\/div>\n<\/div>\n<\/div>\n\n\n\n<div style=\"height:calc( 0.25 * var(--wp--style--root--padding-right, var(--wp--custom--gap--horizontal)))\" aria-hidden=\"true\" class=\"wp-block-spacer\"><\/div>\n<\/div><\/div>\n\n\n\n<p><\/p>","protected":false},"excerpt":{"rendered":"<p>I offer one to one pottery classes at my studio, in Sitges, fully personalised to each student. These private sessions are designed to adapt to your level and interests: you can start from scratch or come with a specific project and work on it with my full guidance and attention. Classes last 1.5 hours and [&hellip;]<\/p>","protected":false},"author":1,"featured_media":0,"parent":0,"menu_order":0,"comment_status":"closed","ping_status":"closed","template":"","meta":{"footnotes":""},"class_list":["post-8712","page","type-page","status-publish","hentry"],"jetpack_sharing_enabled":true,"_links":{"self":[{"href":"https:\/\/crisgago.com\/es\/wp-json\/wp\/v2\/pages\/8712","targetHints":{"allow":["GET"]}}],"collection":[{"href":"https:\/\/crisgago.com\/es\/wp-json\/wp\/v2\/pages"}],"about":[{"href":"https:\/\/crisgago.com\/es\/wp-json\/wp\/v2\/types\/page"}],"author":[{"embeddable":true,"href":"https:\/\/crisgago.com\/es\/wp-json\/wp\/v2\/users\/1"}],"replies":[{"embeddable":true,"href":"https:\/\/crisgago.com\/es\/wp-json\/wp\/v2\/comments?post=8712"}],"version-history":[{"count":13,"href":"https:\/\/crisgago.com\/es\/wp-json\/wp\/v2\/pages\/8712\/revisions"}],"predecessor-version":[{"id":8959,"href":"https:\/\/crisgago.com\/es\/wp-json\/wp\/v2\/pages\/8712\/revisions\/8959"}],"wp:attachment":[{"href":"https:\/\/crisgago.com\/es\/wp-json\/wp\/v2\/media?parent=8712"}],"curies":[{"name":"wp","href":"https:\/\/api.w.org\/{rel}","templated":true}]}}