{"id":8606,"date":"2025-08-03T16:27:07","date_gmt":"2025-08-03T16:27:07","guid":{"rendered":"https:\/\/crisgago.com\/?page_id=8606"},"modified":"2025-12-21T12:07:57","modified_gmt":"2025-12-21T12:07:57","slug":"workshops","status":"publish","type":"page","link":"https:\/\/crisgago.com\/es\/workshops\/","title":{"rendered":"Talleres"},"content":{"rendered":"<div class=\"wp-block-group alignfull is-content-justification-center\" style=\"margin-top:0;margin-bottom:0;padding-top:calc( 0.5 * var(--wp--style--root--padding-right, var(--wp--custom--gap--horizontal)));padding-right:var(--wp--style--root--padding-right, var(--wp--custom--gap--horizontal));padding-bottom:calc( 0.5 * var(--wp--style--root--padding-right, var(--wp--custom--gap--horizontal)));padding-left:var(--wp--style--root--padding-left, var(--wp--custom--gap--horizontal))\"><div class=\"wp-block-group__inner-container is-layout-constrained wp-container-core-group-is-layout-b073b61b wp-block-group-is-layout-constrained\">\n<div style=\"height:0px\" aria-hidden=\"true\" class=\"wp-block-spacer\"><\/div>\n\n\n\n<div class=\"wp-block-columns alignwide is-layout-flex wp-container-core-columns-is-layout-6aa4370a wp-block-columns-is-layout-flex\">\n<div class=\"wp-block-column is-vertically-aligned-center is-content-justification-left is-layout-constrained wp-container-core-column-is-layout-1c92c9cf wp-block-column-is-layout-constrained\" style=\"flex-basis:40%\">\n<h6 class=\"wp-block-heading\"><\/h6>\n\n\n\n<p>Organizo workshops personalizados adaptados a distintos contextos, como retiros, eventos, celebraciones o encuentros con amigos y familiares. <\/p>\n\n\n\n<p>Los talleres est\u00e1n dise\u00f1ados para introducir el modelado cer\u00e1mico de forma pr\u00e1ctica y accesible, y son adecuados tanto para grupos peque\u00f1os como para reuniones m\u00e1s grandes.<\/p>\n\n\n\n<p>Pueden realizarse en mi taller o en otro espacio adecuado. Si buscas un regalo original, estos workshops pueden ser la opci\u00f3n perfecta. <\/p>\n\n\n\n<p>Escr\u00edbeme a <a>hola@crisgago.com<\/a>\u00a0y te responder\u00e9 lo antes posible.<\/p>\n<\/div>\n\n\n\n<div class=\"wp-block-column is-vertically-aligned-center is-layout-flow wp-block-column-is-layout-flow\">\n<div class=\"wp-block-columns alignwide is-layout-flex wp-container-core-columns-is-layout-3cc86ecb wp-block-columns-is-layout-flex\">\n<div class=\"wp-block-column is-vertically-aligned-stretch is-layout-flow wp-block-column-is-layout-flow\">\n<figure class=\"wp-block-image size-full is-style-default\"><img loading=\"lazy\" decoding=\"async\" width=\"2304\" height=\"2304\" src=\"https:\/\/crisgago.com\/wp-content\/uploads\/2025\/08\/IMG_6246.jpeg\" alt=\"\" class=\"wp-image-8705\" style=\"aspect-ratio:1;object-fit:cover\" srcset=\"https:\/\/crisgago.com\/wp-content\/uploads\/2025\/08\/IMG_6246.jpeg 2304w, https:\/\/crisgago.com\/wp-content\/uploads\/2025\/08\/IMG_6246-300x300.jpeg 300w, https:\/\/crisgago.com\/wp-content\/uploads\/2025\/08\/IMG_6246-1024x1024.jpeg 1024w, https:\/\/crisgago.com\/wp-content\/uploads\/2025\/08\/IMG_6246-150x150.jpeg 150w, https:\/\/crisgago.com\/wp-content\/uploads\/2025\/08\/IMG_6246-768x768.jpeg 768w, https:\/\/crisgago.com\/wp-content\/uploads\/2025\/08\/IMG_6246-1536x1536.jpeg 1536w, https:\/\/crisgago.com\/wp-content\/uploads\/2025\/08\/IMG_6246-2048x2048.jpeg 2048w, https:\/\/crisgago.com\/wp-content\/uploads\/2025\/08\/IMG_6246-12x12.jpeg 12w, https:\/\/crisgago.com\/wp-content\/uploads\/2025\/08\/IMG_6246-800x800.jpeg 800w, https:\/\/crisgago.com\/wp-content\/uploads\/2025\/08\/IMG_6246-600x600.jpeg 600w, https:\/\/crisgago.com\/wp-content\/uploads\/2025\/08\/IMG_6246-100x100.jpeg 100w\" sizes=\"auto, (max-width: 2304px) 100vw, 2304px\" \/><\/figure>\n\n\n\n<figure class=\"wp-block-image size-full is-style-default\"><img loading=\"lazy\" decoding=\"async\" width=\"2304\" height=\"2304\" src=\"https:\/\/crisgago.com\/wp-content\/uploads\/2025\/08\/IMG_6418.jpeg\" alt=\"\" class=\"wp-image-8704\" style=\"aspect-ratio:1;object-fit:cover\" srcset=\"https:\/\/crisgago.com\/wp-content\/uploads\/2025\/08\/IMG_6418.jpeg 2304w, https:\/\/crisgago.com\/wp-content\/uploads\/2025\/08\/IMG_6418-300x300.jpeg 300w, https:\/\/crisgago.com\/wp-content\/uploads\/2025\/08\/IMG_6418-1024x1024.jpeg 1024w, https:\/\/crisgago.com\/wp-content\/uploads\/2025\/08\/IMG_6418-150x150.jpeg 150w, https:\/\/crisgago.com\/wp-content\/uploads\/2025\/08\/IMG_6418-768x768.jpeg 768w, https:\/\/crisgago.com\/wp-content\/uploads\/2025\/08\/IMG_6418-1536x1536.jpeg 1536w, https:\/\/crisgago.com\/wp-content\/uploads\/2025\/08\/IMG_6418-2048x2048.jpeg 2048w, https:\/\/crisgago.com\/wp-content\/uploads\/2025\/08\/IMG_6418-12x12.jpeg 12w, https:\/\/crisgago.com\/wp-content\/uploads\/2025\/08\/IMG_6418-800x800.jpeg 800w, https:\/\/crisgago.com\/wp-content\/uploads\/2025\/08\/IMG_6418-600x600.jpeg 600w, https:\/\/crisgago.com\/wp-content\/uploads\/2025\/08\/IMG_6418-100x100.jpeg 100w\" sizes=\"auto, (max-width: 2304px) 100vw, 2304px\" \/><\/figure>\n<\/div>\n\n\n\n<div class=\"wp-block-column is-layout-flow wp-block-column-is-layout-flow\">\n<figure class=\"wp-block-image size-full is-style-default\"><img loading=\"lazy\" decoding=\"async\" width=\"2304\" height=\"2304\" src=\"https:\/\/crisgago.com\/wp-content\/uploads\/2025\/08\/IMG_6142.jpeg\" alt=\"\" class=\"wp-image-8706\" style=\"aspect-ratio:1;object-fit:cover\" srcset=\"https:\/\/crisgago.com\/wp-content\/uploads\/2025\/08\/IMG_6142.jpeg 2304w, https:\/\/crisgago.com\/wp-content\/uploads\/2025\/08\/IMG_6142-300x300.jpeg 300w, https:\/\/crisgago.com\/wp-content\/uploads\/2025\/08\/IMG_6142-1024x1024.jpeg 1024w, https:\/\/crisgago.com\/wp-content\/uploads\/2025\/08\/IMG_6142-150x150.jpeg 150w, https:\/\/crisgago.com\/wp-content\/uploads\/2025\/08\/IMG_6142-768x768.jpeg 768w, https:\/\/crisgago.com\/wp-content\/uploads\/2025\/08\/IMG_6142-1536x1536.jpeg 1536w, https:\/\/crisgago.com\/wp-content\/uploads\/2025\/08\/IMG_6142-2048x2048.jpeg 2048w, https:\/\/crisgago.com\/wp-content\/uploads\/2025\/08\/IMG_6142-12x12.jpeg 12w, https:\/\/crisgago.com\/wp-content\/uploads\/2025\/08\/IMG_6142-800x800.jpeg 800w, https:\/\/crisgago.com\/wp-content\/uploads\/2025\/08\/IMG_6142-600x600.jpeg 600w, https:\/\/crisgago.com\/wp-content\/uploads\/2025\/08\/IMG_6142-100x100.jpeg 100w\" sizes=\"auto, (max-width: 2304px) 100vw, 2304px\" \/><\/figure>\n\n\n\n<figure class=\"wp-block-image size-full is-style-default\"><img loading=\"lazy\" decoding=\"async\" width=\"2304\" height=\"2304\" src=\"https:\/\/crisgago.com\/wp-content\/uploads\/2025\/08\/IMG_6137.jpeg\" alt=\"\" class=\"wp-image-8707\" style=\"aspect-ratio:1;object-fit:cover\" srcset=\"https:\/\/crisgago.com\/wp-content\/uploads\/2025\/08\/IMG_6137.jpeg 2304w, https:\/\/crisgago.com\/wp-content\/uploads\/2025\/08\/IMG_6137-300x300.jpeg 300w, https:\/\/crisgago.com\/wp-content\/uploads\/2025\/08\/IMG_6137-1024x1024.jpeg 1024w, https:\/\/crisgago.com\/wp-content\/uploads\/2025\/08\/IMG_6137-150x150.jpeg 150w, https:\/\/crisgago.com\/wp-content\/uploads\/2025\/08\/IMG_6137-768x768.jpeg 768w, https:\/\/crisgago.com\/wp-content\/uploads\/2025\/08\/IMG_6137-1536x1536.jpeg 1536w, https:\/\/crisgago.com\/wp-content\/uploads\/2025\/08\/IMG_6137-2048x2048.jpeg 2048w, https:\/\/crisgago.com\/wp-content\/uploads\/2025\/08\/IMG_6137-12x12.jpeg 12w, https:\/\/crisgago.com\/wp-content\/uploads\/2025\/08\/IMG_6137-800x800.jpeg 800w, https:\/\/crisgago.com\/wp-content\/uploads\/2025\/08\/IMG_6137-600x600.jpeg 600w, https:\/\/crisgago.com\/wp-content\/uploads\/2025\/08\/IMG_6137-100x100.jpeg 100w\" sizes=\"auto, (max-width: 2304px) 100vw, 2304px\" \/><\/figure>\n<\/div>\n<\/div>\n<\/div>\n<\/div>\n\n\n\n<div style=\"height:calc( 0.25 * var(--wp--style--root--padding-right, var(--wp--custom--gap--horizontal)))\" aria-hidden=\"true\" class=\"wp-block-spacer\"><\/div>\n<\/div><\/div>\n\n\n\n<p><\/p>","protected":false},"excerpt":{"rendered":"<p>I organise personalised workshops tailored to a variety of contexts, including retreats, events, celebrations and gatherings with friends or family. The workshops are designed to introduce ceramic modelling in a practical and accessible way and are suitable for both small groups and larger gatherings. They can be held in my workshop or in another suitable [&hellip;]<\/p>","protected":false},"author":1,"featured_media":0,"parent":0,"menu_order":0,"comment_status":"closed","ping_status":"closed","template":"","meta":{"footnotes":""},"class_list":["post-8606","page","type-page","status-publish","hentry"],"jetpack_sharing_enabled":true,"_links":{"self":[{"href":"https:\/\/crisgago.com\/es\/wp-json\/wp\/v2\/pages\/8606","targetHints":{"allow":["GET"]}}],"collection":[{"href":"https:\/\/crisgago.com\/es\/wp-json\/wp\/v2\/pages"}],"about":[{"href":"https:\/\/crisgago.com\/es\/wp-json\/wp\/v2\/types\/page"}],"author":[{"embeddable":true,"href":"https:\/\/crisgago.com\/es\/wp-json\/wp\/v2\/users\/1"}],"replies":[{"embeddable":true,"href":"https:\/\/crisgago.com\/es\/wp-json\/wp\/v2\/comments?post=8606"}],"version-history":[{"count":14,"href":"https:\/\/crisgago.com\/es\/wp-json\/wp\/v2\/pages\/8606\/revisions"}],"predecessor-version":[{"id":8958,"href":"https:\/\/crisgago.com\/es\/wp-json\/wp\/v2\/pages\/8606\/revisions\/8958"}],"wp:attachment":[{"href":"https:\/\/crisgago.com\/es\/wp-json\/wp\/v2\/media?parent=8606"}],"curies":[{"name":"wp","href":"https:\/\/api.w.org\/{rel}","templated":true}]}}