{"id":8516,"date":"2025-04-20T15:44:11","date_gmt":"2025-04-20T15:44:11","guid":{"rendered":"https:\/\/moomo.studio\/?page_id=8516"},"modified":"2025-12-27T18:36:34","modified_gmt":"2025-12-27T18:36:34","slug":"cos","status":"publish","type":"page","link":"https:\/\/crisgago.com\/es\/cos\/","title":{"rendered":"Cos"},"content":{"rendered":"<div class=\"wp-block-group project-intro\"><div class=\"wp-block-group__inner-container is-layout-constrained wp-block-group-is-layout-constrained\">\n<p class=\"has-text-align-center has-text-color has-link-color has-medium-font-size wp-elements-cb320e4413b29c08abbc5d7b4f427f6e\" style=\"color:#838a90;font-style:normal;font-weight:200\">COS explora la memoria y la forma. Se trata de una colecci\u00f3n de piezas que muestran el material en su forma m\u00e1s pura y dejan visibles las marcas del proceso manual. Cada l\u00ednea y cada detalle cuentan la historia que conserva el cuerpo.<\/p>\n<\/div><\/div>\n\n\n<div style=\"--gago-gallery-height: 500px; --gago-gallery-gap: 5px;\" class=\"gago-gallery-wrapper wp-block-gago-gallery-gallery\"><ul class=\"mosaic-gallery\"><li style=\"background-image: url(&#039;https:\/\/crisgago.com\/wp-content\/uploads\/2025\/04\/IMG_3533-scaled.jpg&#039;); transform: translate(-3px, -7px);\"><img decoding=\"async\" src=\"https:\/\/crisgago.com\/wp-content\/uploads\/2025\/04\/IMG_3533-scaled.jpg\" alt=\"\" \/><\/li><li style=\"background-image: url(&#039;https:\/\/crisgago.com\/wp-content\/uploads\/2025\/04\/IMG_3707-scaled.jpg&#039;); transform: translate(-2px, -5px);\"><img decoding=\"async\" src=\"https:\/\/crisgago.com\/wp-content\/uploads\/2025\/04\/IMG_3707-scaled.jpg\" alt=\"\" \/><\/li><li style=\"background-image: url(&#039;https:\/\/crisgago.com\/wp-content\/uploads\/2025\/12\/b0527f8ae3202e3ac4d9948d5e66c679.jpg&#039;); transform: translate(0px, -5px);\"><img decoding=\"async\" src=\"https:\/\/crisgago.com\/wp-content\/uploads\/2025\/12\/b0527f8ae3202e3ac4d9948d5e66c679.jpg\" alt=\"\" \/><\/li><li style=\"background-image: url(&#039;https:\/\/crisgago.com\/wp-content\/uploads\/2025\/12\/Snapseed-2-scaled.jpeg&#039;); transform: translate(1px, 3px);\"><img decoding=\"async\" src=\"https:\/\/crisgago.com\/wp-content\/uploads\/2025\/12\/Snapseed-2-scaled.jpeg\" alt=\"\" \/><\/li><li style=\"background-image: url(&#039;https:\/\/crisgago.com\/wp-content\/uploads\/2025\/12\/57a1a1f7fa4543cd9ffce621110d1c0f.jpg&#039;); transform: translate(3px, 2px);\"><img decoding=\"async\" src=\"https:\/\/crisgago.com\/wp-content\/uploads\/2025\/12\/57a1a1f7fa4543cd9ffce621110d1c0f.jpg\" alt=\"\" \/><\/li><li style=\"background-image: url(&#039;https:\/\/crisgago.com\/wp-content\/uploads\/2025\/12\/Snapseed-scaled.jpg&#039;); transform: translate(-4px, -4px);\"><img decoding=\"async\" src=\"https:\/\/crisgago.com\/wp-content\/uploads\/2025\/12\/Snapseed-scaled.jpg\" alt=\"\" \/><\/li><li style=\"background-image: url(&#039;https:\/\/crisgago.com\/wp-content\/uploads\/2025\/04\/IMG_3512-scaled.jpg&#039;); transform: translate(5px, 7px);\"><img decoding=\"async\" src=\"https:\/\/crisgago.com\/wp-content\/uploads\/2025\/04\/IMG_3512-scaled.jpg\" alt=\"\" \/><\/li><li style=\"background-image: url(&#039;https:\/\/crisgago.com\/wp-content\/uploads\/2025\/12\/IMG_3554-1-scaled.jpg&#039;); transform: translate(0px, -9px);\"><img decoding=\"async\" src=\"https:\/\/crisgago.com\/wp-content\/uploads\/2025\/12\/IMG_3554-1-scaled.jpg\" alt=\"\" \/><\/li><li style=\"background-image: url(&#039;https:\/\/crisgago.com\/wp-content\/uploads\/2025\/08\/IMG_3535.jpg&#039;); transform: translate(9px, -7px);\"><img decoding=\"async\" src=\"https:\/\/crisgago.com\/wp-content\/uploads\/2025\/08\/IMG_3535.jpg\" alt=\"\" \/><\/li><li style=\"background-image: url(&#039;https:\/\/crisgago.com\/wp-content\/uploads\/2025\/12\/974f150ef6290ecae1a150c36ac3c353.jpg&#039;); transform: translate(-5px, -3px);\"><img decoding=\"async\" src=\"https:\/\/crisgago.com\/wp-content\/uploads\/2025\/12\/974f150ef6290ecae1a150c36ac3c353.jpg\" alt=\"\" \/><\/li><li style=\"background-image: url(&#039;https:\/\/crisgago.com\/wp-content\/uploads\/2025\/04\/PORTADA-scaled.jpg&#039;); transform: translate(7px, -3px);\"><img decoding=\"async\" src=\"https:\/\/crisgago.com\/wp-content\/uploads\/2025\/04\/PORTADA-scaled.jpg\" alt=\"\" \/><\/li><li style=\"background-image: url(&#039;https:\/\/crisgago.com\/wp-content\/uploads\/2025\/11\/IMG_9773-scaled.jpg&#039;); transform: translate(-10px, 4px);\"><img decoding=\"async\" src=\"https:\/\/crisgago.com\/wp-content\/uploads\/2025\/11\/IMG_9773-scaled.jpg\" alt=\"\" \/><\/li><li style=\"background-image: url(&#039;https:\/\/crisgago.com\/wp-content\/uploads\/2025\/12\/IMG_3015-1-scaled.jpg&#039;); transform: translate(10px, -3px);\"><img decoding=\"async\" src=\"https:\/\/crisgago.com\/wp-content\/uploads\/2025\/12\/IMG_3015-1-scaled.jpg\" alt=\"\" \/><\/li><li style=\"background-image: url(&#039;https:\/\/crisgago.com\/wp-content\/uploads\/2025\/12\/116fae14d01b6ff7e71f2225d5f78d64.jpg&#039;); transform: translate(9px, 4px);\"><img decoding=\"async\" src=\"https:\/\/crisgago.com\/wp-content\/uploads\/2025\/12\/116fae14d01b6ff7e71f2225d5f78d64.jpg\" alt=\"\" \/><\/li><li style=\"background-image: url(&#039;https:\/\/crisgago.com\/wp-content\/uploads\/2025\/12\/IMG_9613-scaled.jpg&#039;); transform: translate(-1px, 4px);\"><img decoding=\"async\" src=\"https:\/\/crisgago.com\/wp-content\/uploads\/2025\/12\/IMG_9613-scaled.jpg\" alt=\"\" \/><\/li><li style=\"background-image: url(&#039;https:\/\/crisgago.com\/wp-content\/uploads\/2025\/12\/IMG_2013-1-scaled.jpg&#039;); transform: translate(-6px, 3px);\"><img decoding=\"async\" src=\"https:\/\/crisgago.com\/wp-content\/uploads\/2025\/12\/IMG_2013-1-scaled.jpg\" alt=\"\" \/><\/li><\/ul><\/div>","protected":false},"excerpt":{"rendered":"<p>COS explora la memoria y la forma. Se trata de una colecci\u00f3n de piezas que muestran el material en su forma m\u00e1s pura y dejan visibles las marcas del proceso manual. Cada l\u00ednea y cada detalle cuentan la historia que conserva el cuerpo.<\/p>","protected":false},"author":1,"featured_media":0,"parent":0,"menu_order":0,"comment_status":"closed","ping_status":"closed","template":"","meta":{"footnotes":""},"class_list":["post-8516","page","type-page","status-publish","hentry"],"jetpack_sharing_enabled":true,"_links":{"self":[{"href":"https:\/\/crisgago.com\/es\/wp-json\/wp\/v2\/pages\/8516","targetHints":{"allow":["GET"]}}],"collection":[{"href":"https:\/\/crisgago.com\/es\/wp-json\/wp\/v2\/pages"}],"about":[{"href":"https:\/\/crisgago.com\/es\/wp-json\/wp\/v2\/types\/page"}],"author":[{"embeddable":true,"href":"https:\/\/crisgago.com\/es\/wp-json\/wp\/v2\/users\/1"}],"replies":[{"embeddable":true,"href":"https:\/\/crisgago.com\/es\/wp-json\/wp\/v2\/comments?post=8516"}],"version-history":[{"count":31,"href":"https:\/\/crisgago.com\/es\/wp-json\/wp\/v2\/pages\/8516\/revisions"}],"predecessor-version":[{"id":9427,"href":"https:\/\/crisgago.com\/es\/wp-json\/wp\/v2\/pages\/8516\/revisions\/9427"}],"wp:attachment":[{"href":"https:\/\/crisgago.com\/es\/wp-json\/wp\/v2\/media?parent=8516"}],"curies":[{"name":"wp","href":"https:\/\/api.w.org\/{rel}","templated":true}]}}