{"id":8166,"date":"2024-10-27T09:06:54","date_gmt":"2024-10-27T09:06:54","guid":{"rendered":"https:\/\/moomo.studio\/?page_id=8166"},"modified":"2025-12-21T18:57:06","modified_gmt":"2025-12-21T18:57:06","slug":"sobretaula","status":"publish","type":"page","link":"https:\/\/crisgago.com\/es\/sobretaula\/","title":{"rendered":"Sobretaula"},"content":{"rendered":"<div class=\"wp-block-group project-intro\"><div class=\"wp-block-group__inner-container is-layout-constrained wp-block-group-is-layout-constrained\">\n<p class=\"has-text-align-center has-text-color has-link-color has-medium-font-size wp-elements-aab43babc2238d9ed31891ce320ab85a\" style=\"color:#838a90;font-style:normal;font-weight:200\">SOBRETAULA re\u00fane piezas hechas al torno durante mi formaci\u00f3n en la Escuela de Cer\u00e1mica de La Bisbal. Una colecci\u00f3n que homenajea el esfuerzo y la dedicaci\u00f3n que requiere aprender esta t\u00e9cnica ancestral, mostrando la evoluci\u00f3n y el proceso de aprendizaje en cada pieza. Momentos m\u00e1gicos compartidos en ese espacio creativo.<\/p>\n<\/div><\/div>\n\n\n<div style=\"--gago-gallery-height: 500px; --gago-gallery-gap: 5px;\" class=\"gago-gallery-wrapper wp-block-gago-gallery-gallery\"><ul class=\"mosaic-gallery\"><li style=\"background-image: url(&#039;https:\/\/crisgago.com\/wp-content\/uploads\/2024\/10\/IMG_2147-scaled.jpg&#039;); transform: translate(-8px, -5px);\"><img decoding=\"async\" src=\"https:\/\/crisgago.com\/wp-content\/uploads\/2024\/10\/IMG_2147-scaled.jpg\" alt=\"\" \/><\/li><li style=\"background-image: url(&#039;https:\/\/crisgago.com\/wp-content\/uploads\/2024\/10\/IMG_2249-scaled.jpg&#039;); transform: translate(7px, 5px);\"><img decoding=\"async\" src=\"https:\/\/crisgago.com\/wp-content\/uploads\/2024\/10\/IMG_2249-scaled.jpg\" alt=\"\" \/><\/li><li style=\"background-image: url(&#039;https:\/\/crisgago.com\/wp-content\/uploads\/2024\/10\/IMG_2233-scaled.jpg&#039;); transform: translate(-1px, 9px);\"><img decoding=\"async\" src=\"https:\/\/crisgago.com\/wp-content\/uploads\/2024\/10\/IMG_2233-scaled.jpg\" alt=\"\" \/><\/li><li style=\"background-image: url(&#039;https:\/\/crisgago.com\/wp-content\/uploads\/2024\/10\/IMG_2202-1-scaled.jpg&#039;); transform: translate(4px, -6px);\"><img decoding=\"async\" src=\"https:\/\/crisgago.com\/wp-content\/uploads\/2024\/10\/IMG_2202-1-scaled.jpg\" alt=\"\" \/><\/li><li style=\"background-image: url(&#039;https:\/\/crisgago.com\/wp-content\/uploads\/2024\/10\/IMG_2219-scaled.jpg&#039;); transform: translate(-9px, -7px);\"><img decoding=\"async\" src=\"https:\/\/crisgago.com\/wp-content\/uploads\/2024\/10\/IMG_2219-scaled.jpg\" alt=\"\" \/><\/li><li style=\"background-image: url(&#039;https:\/\/crisgago.com\/wp-content\/uploads\/2024\/10\/IMG_2196-scaled.jpg&#039;); transform: translate(-8px, -1px);\"><img decoding=\"async\" src=\"https:\/\/crisgago.com\/wp-content\/uploads\/2024\/10\/IMG_2196-scaled.jpg\" alt=\"\" \/><\/li><li style=\"background-image: url(&#039;https:\/\/crisgago.com\/wp-content\/uploads\/2024\/10\/IMG_2158-scaled.jpg&#039;); transform: translate(-9px, -2px);\"><img decoding=\"async\" src=\"https:\/\/crisgago.com\/wp-content\/uploads\/2024\/10\/IMG_2158-scaled.jpg\" alt=\"\" \/><\/li><li style=\"background-image: url(&#039;https:\/\/crisgago.com\/wp-content\/uploads\/2024\/10\/IMG_2110-1-scaled.jpg&#039;); transform: translate(-4px, 0px);\"><img decoding=\"async\" src=\"https:\/\/crisgago.com\/wp-content\/uploads\/2024\/10\/IMG_2110-1-scaled.jpg\" alt=\"\" \/><\/li><li style=\"background-image: url(&#039;https:\/\/crisgago.com\/wp-content\/uploads\/2024\/10\/IMG_2289-scaled.jpg&#039;); transform: translate(7px, 7px);\"><img decoding=\"async\" src=\"https:\/\/crisgago.com\/wp-content\/uploads\/2024\/10\/IMG_2289-scaled.jpg\" alt=\"\" \/><\/li><li style=\"background-image: url(&#039;https:\/\/crisgago.com\/wp-content\/uploads\/2024\/10\/IMG_2060-scaled.jpg&#039;); transform: translate(7px, 5px);\"><img decoding=\"async\" src=\"https:\/\/crisgago.com\/wp-content\/uploads\/2024\/10\/IMG_2060-scaled.jpg\" alt=\"\" \/><\/li><li style=\"background-image: url(&#039;https:\/\/crisgago.com\/wp-content\/uploads\/2024\/11\/22-scaled.jpg&#039;); transform: translate(5px, 6px);\"><img decoding=\"async\" src=\"https:\/\/crisgago.com\/wp-content\/uploads\/2024\/11\/22-scaled.jpg\" alt=\"\" \/><\/li><\/ul><\/div>","protected":false},"excerpt":{"rendered":"<p>SOBRETAULA re\u00fane piezas hechas al torno durante mi formaci\u00f3n en la Escuela de Cer\u00e1mica de La Bisbal. Una colecci\u00f3n que homenajea el esfuerzo y la dedicaci\u00f3n que requiere aprender esta t\u00e9cnica ancestral, mostrando la evoluci\u00f3n y el proceso de aprendizaje en cada pieza. Momentos m\u00e1gicos compartidos en ese espacio creativo.<\/p>","protected":false},"author":1,"featured_media":0,"parent":0,"menu_order":0,"comment_status":"closed","ping_status":"closed","template":"","meta":{"footnotes":""},"class_list":["post-8166","page","type-page","status-publish","hentry"],"jetpack_sharing_enabled":true,"_links":{"self":[{"href":"https:\/\/crisgago.com\/es\/wp-json\/wp\/v2\/pages\/8166","targetHints":{"allow":["GET"]}}],"collection":[{"href":"https:\/\/crisgago.com\/es\/wp-json\/wp\/v2\/pages"}],"about":[{"href":"https:\/\/crisgago.com\/es\/wp-json\/wp\/v2\/types\/page"}],"author":[{"embeddable":true,"href":"https:\/\/crisgago.com\/es\/wp-json\/wp\/v2\/users\/1"}],"replies":[{"embeddable":true,"href":"https:\/\/crisgago.com\/es\/wp-json\/wp\/v2\/comments?post=8166"}],"version-history":[{"count":21,"href":"https:\/\/crisgago.com\/es\/wp-json\/wp\/v2\/pages\/8166\/revisions"}],"predecessor-version":[{"id":9033,"href":"https:\/\/crisgago.com\/es\/wp-json\/wp\/v2\/pages\/8166\/revisions\/9033"}],"wp:attachment":[{"href":"https:\/\/crisgago.com\/es\/wp-json\/wp\/v2\/media?parent=8166"}],"curies":[{"name":"wp","href":"https:\/\/api.w.org\/{rel}","templated":true}]}}