{"id":745,"date":"2019-01-11T05:40:39","date_gmt":"2019-01-11T05:40:39","guid":{"rendered":"http:\/\/demo-content.agnidesigns.com\/merino\/?page_id=745"},"modified":"2025-08-05T13:08:07","modified_gmt":"2025-08-05T13:08:07","slug":"about-us","status":"publish","type":"page","link":"https:\/\/crisgago.com\/es\/about-us\/","title":{"rendered":"Sobre mi"},"content":{"rendered":"<div class=\"wp-block-columns alignfull are-vertically-aligned-center is-layout-flex wp-container-core-columns-is-layout-9d6595d7 wp-block-columns-is-layout-flex\">\n<div class=\"wp-block-column is-vertically-aligned-center is-layout-flow wp-block-column-is-layout-flow\" style=\"flex-basis:50%\">\n<div class=\"wp-block-cover is-light\"><img loading=\"lazy\" decoding=\"async\" width=\"1024\" height=\"682\" class=\"wp-block-cover__image-background wp-image-7493 size-large\" alt=\"\" src=\"https:\/\/crisgago.com\/wp-content\/uploads\/2023\/01\/IMG_4268-1024x682.jpg\" data-object-fit=\"cover\" srcset=\"https:\/\/crisgago.com\/wp-content\/uploads\/2023\/01\/IMG_4268-1024x682.jpg 1024w, https:\/\/crisgago.com\/wp-content\/uploads\/2023\/01\/IMG_4268-300x200.jpg 300w, https:\/\/crisgago.com\/wp-content\/uploads\/2023\/01\/IMG_4268-768x512.jpg 768w, https:\/\/crisgago.com\/wp-content\/uploads\/2023\/01\/IMG_4268-1536x1024.jpg 1536w, https:\/\/crisgago.com\/wp-content\/uploads\/2023\/01\/IMG_4268-18x12.jpg 18w, https:\/\/crisgago.com\/wp-content\/uploads\/2023\/01\/IMG_4268-800x533.jpg 800w, https:\/\/crisgago.com\/wp-content\/uploads\/2023\/01\/IMG_4268-600x400.jpg 600w, https:\/\/crisgago.com\/wp-content\/uploads\/2023\/01\/IMG_4268.jpg 2000w\" sizes=\"auto, (max-width: 1024px) 100vw, 1024px\" \/><span aria-hidden=\"true\" class=\"wp-block-cover__background has-white-background-color has-background-dim\"><\/span><div class=\"wp-block-cover__inner-container is-layout-flow wp-block-cover-is-layout-flow\">\n<div style=\"height:15px\" aria-hidden=\"true\" class=\"wp-block-spacer\"><\/div>\n\n\n\n<div style=\"height:15px\" aria-hidden=\"true\" class=\"wp-block-spacer\"><\/div>\n\n\n\n<div class=\"wp-block-columns is-layout-flex wp-container-core-columns-is-layout-9d6595d7 wp-block-columns-is-layout-flex\">\n<div class=\"wp-block-column is-vertically-aligned-top is-layout-flow wp-block-column-is-layout-flow\" style=\"flex-basis:100%\"><\/div>\n<\/div>\n<\/div><\/div>\n<\/div>\n\n\n\n<div class=\"wp-block-column is-vertically-aligned-center is-layout-flow wp-block-column-is-layout-flow\" style=\"padding-top:1em;padding-right:1em;padding-bottom:1em;padding-left:1em\">\n<div class=\"wp-block-columns is-layout-flex wp-container-core-columns-is-layout-9d6595d7 wp-block-columns-is-layout-flex\">\n<div class=\"wp-block-column is-layout-flow wp-block-column-is-layout-flow\" style=\"flex-basis:320px\">\n<p>Hola!<\/p>\n\n\n\n<p>Soy Cris Gago, dise\u00f1adora y ceramista con base en Sitges, Barcelona. A partir de mi formaci\u00f3n en ambas disciplinas, he desarrollado una mirada sensible hacia la forma, la funcionalidad y la materia, combinando el dise\u00f1o con una reinterpretaci\u00f3n personal.<\/p>\n\n\n\n<p>Mi trabajo parte del deseo de vivir y crear de forma m\u00e1s consciente, en sinton\u00eda con el entorno y con los ritmos naturales de los materiales. Para m\u00ed, la cer\u00e1mica es un espacio de calma y exploraci\u00f3n.<\/p>\n\n\n\n<p>Me inspiran las texturas org\u00e1nicas, las formas imperfectas y los colores terrosos con un toque de color. Moldeo cada pieza a mano, guiada por la intuici\u00f3n y el cuidado, respetando los tiempos propios de cada proceso. Trabajo en peque\u00f1as series y ediciones limitadas, donde cada objeto es \u00fanico, donde lo art\u00edstico y funcional conviven.<\/p>\n\n\n\n<p>Adem\u00e1s de mi producci\u00f3n art\u00edstica, imparto talleres y clases regulares para personas que se inician en el mundo de la cer\u00e1mica.<\/p>\n<\/div>\n<\/div>\n<\/div>\n<\/div>","protected":false},"excerpt":{"rendered":"<p>Hi! I&#8217;m Cris Gago, a designer and ceramic artist based in Sitges, Barcelona. Drawing on my experience in both fields, I take a sensitive approach to form, function and material, combining design with a personal reinterpretation of traditional techniques and knowledge. My work stems from a desire to live and create more consciously, in harmony [&hellip;]<\/p>","protected":false},"author":1,"featured_media":0,"parent":0,"menu_order":0,"comment_status":"closed","ping_status":"closed","template":"","meta":{"footnotes":""},"class_list":["post-745","page","type-page","status-publish","hentry"],"jetpack_sharing_enabled":true,"_links":{"self":[{"href":"https:\/\/crisgago.com\/es\/wp-json\/wp\/v2\/pages\/745","targetHints":{"allow":["GET"]}}],"collection":[{"href":"https:\/\/crisgago.com\/es\/wp-json\/wp\/v2\/pages"}],"about":[{"href":"https:\/\/crisgago.com\/es\/wp-json\/wp\/v2\/types\/page"}],"author":[{"embeddable":true,"href":"https:\/\/crisgago.com\/es\/wp-json\/wp\/v2\/users\/1"}],"replies":[{"embeddable":true,"href":"https:\/\/crisgago.com\/es\/wp-json\/wp\/v2\/comments?post=745"}],"version-history":[{"count":52,"href":"https:\/\/crisgago.com\/es\/wp-json\/wp\/v2\/pages\/745\/revisions"}],"predecessor-version":[{"id":8727,"href":"https:\/\/crisgago.com\/es\/wp-json\/wp\/v2\/pages\/745\/revisions\/8727"}],"wp:attachment":[{"href":"https:\/\/crisgago.com\/es\/wp-json\/wp\/v2\/media?parent=745"}],"curies":[{"name":"wp","href":"https:\/\/api.w.org\/{rel}","templated":true}]}}